{"id":7018,"date":"2025-10-08T09:21:10","date_gmt":"2025-10-08T07:21:10","guid":{"rendered":"https:\/\/www.socafly.com\/dostava\/"},"modified":"2025-11-11T15:04:07","modified_gmt":"2025-11-11T14:04:07","slug":"dostava","status":"publish","type":"page","link":"https:\/\/www.socafly.com\/sl\/dostava\/","title":{"rendered":"Dostava"},"content":{"rendered":"\t\t<div data-elementor-type=\"wp-page\" data-elementor-id=\"7018\" class=\"elementor elementor-7018 elementor-6469\">\n\t\t\t\t\t\t<section class=\"elementor-section elementor-top-section elementor-element elementor-element-8e13cff elementor-section-boxed elementor-section-height-default elementor-section-height-default sc_fly_static\" data-id=\"8e13cff\" data-element_type=\"section\">\n\t\t\t\t\t\t<div class=\"elementor-container elementor-column-gap-extended\">\n\t\t\t\t\t<div class=\"elementor-column elementor-col-100 elementor-top-column elementor-element elementor-element-ee12cdb sc_content_align_inherit sc_layouts_column_icons_position_left sc_fly_static\" data-id=\"ee12cdb\" data-element_type=\"column\">\n\t\t\t<div class=\"elementor-widget-wrap elementor-element-populated\">\n\t\t\t\t\t\t<div class=\"elementor-element elementor-element-2305547 sc_fly_static elementor-widget elementor-widget-spacer\" data-id=\"2305547\" data-element_type=\"widget\" data-widget_type=\"spacer.default\">\n\t\t\t\t<div class=\"elementor-widget-container\">\n\t\t\t\t\t\t\t<div class=\"elementor-spacer\">\n\t\t\t<div class=\"elementor-spacer-inner\"><\/div>\n\t\t<\/div>\n\t\t\t\t\t\t<\/div>\n\t\t\t\t<\/div>\n\t\t\t\t\t<\/div>\n\t\t<\/div>\n\t\t\t\t\t<\/div>\n\t\t<\/section>\n\t\t\t\t<section class=\"elementor-section elementor-top-section elementor-element elementor-element-53d06cd elementor-section-boxed elementor-section-height-default elementor-section-height-default sc_fly_static\" data-id=\"53d06cd\" data-element_type=\"section\">\n\t\t\t\t\t\t<div class=\"elementor-container elementor-column-gap-extended\">\n\t\t\t\t\t<div class=\"elementor-column elementor-col-100 elementor-top-column elementor-element elementor-element-863cb4e sc_content_align_inherit sc_layouts_column_icons_position_left sc_fly_static\" data-id=\"863cb4e\" data-element_type=\"column\">\n\t\t\t<div class=\"elementor-widget-wrap elementor-element-populated\">\n\t\t\t\t\t\t<div class=\"elementor-element elementor-element-871c557 sc_fly_static elementor-widget elementor-widget-text-editor\" data-id=\"871c557\" data-element_type=\"widget\" data-widget_type=\"text-editor.default\">\n\t\t\t\t<div class=\"elementor-widget-container\">\n\t\t\t\t\t\t\t\t\t<p>Cena dostave je 6,90 EUR<\/p><p>Minimalno naro\u010dilo v Soca Fly Shop je 15,00 EUR<\/p><p>Naro\u010dila nad 90,00 EUR se po\u0161iljajo kot prednostni paketi. <strong>Za tak\u0161ne po\u0161iljke bo\u0161 dobil sledenje!<\/strong><\/p><p>Dostavo izvaja Po\u0161ta Slovenije d.d. <strong>Opomba: \u010ce naro\u010da\u0161 izven EU, \u0160vice, Danske ali katere koli druge dr\u017eave izven carinskega obmo\u010dja EU, lahko za tvoje naro\u010dilo veljajo carinske dajatve tvoje dr\u017eave.<\/strong> <\/p><p>.<\/p>\t\t\t\t\t\t\t\t<\/div>\n\t\t\t\t<\/div>\n\t\t\t\t\t<\/div>\n\t\t<\/div>\n\t\t\t\t\t<\/div>\n\t\t<\/section>\n\t\t\t\t<\/div>\n\t\t","protected":false},"excerpt":{"rendered":"<p>Cena dostave je 6,90 EUR Minimalno naro\u010dilo v Soca Fly Shop je 15,00 EUR Naro\u010dila nad 90,00 EUR se po\u0161iljajo kot prednostni paketi. Za tak\u0161ne po\u0161iljke bo\u0161 dobil sledenje! Dostavo&hellip;<\/p>\n","protected":false},"author":2,"featured_media":0,"parent":0,"menu_order":0,"comment_status":"closed","ping_status":"closed","template":"","meta":{"inline_featured_image":false,"_joinchat":[],"footnotes":""},"class_list":["post-7018","page","type-page","status-publish","hentry"],"yoast_head":"<!-- This site is optimized with the Yoast SEO plugin v26.4 - https:\/\/yoast.com\/wordpress\/plugins\/seo\/ -->\n<title>Dostava - Fly Fishing Slovenia - Soca Fly | Shop \u2022 Guiding \u2022 Equipment Rental<\/title>\n<meta name=\"robots\" content=\"index, follow, max-snippet:-1, max-image-preview:large, max-video-preview:-1\" \/>\n<link rel=\"canonical\" href=\"https:\/\/www.socafly.com\/sl\/dostava\/\" \/>\n<meta property=\"og:locale\" content=\"sl_SI\" \/>\n<meta property=\"og:type\" content=\"article\" \/>\n<meta property=\"og:title\" content=\"Dostava - Fly Fishing Slovenia - Soca Fly | Shop \u2022 Guiding \u2022 Equipment Rental\" \/>\n<meta property=\"og:description\" content=\"Cena dostave je 6,90 EUR Minimalno naro\u010dilo v Soca Fly Shop je 15,00 EUR Naro\u010dila nad 90,00 EUR se po\u0161iljajo kot prednostni paketi. Za tak\u0161ne po\u0161iljke bo\u0161 dobil sledenje! Dostavo&hellip;\" \/>\n<meta property=\"og:url\" content=\"https:\/\/www.socafly.com\/sl\/dostava\/\" \/>\n<meta property=\"og:site_name\" content=\"Fly Fishing Slovenia - Soca Fly | Shop \u2022 Guiding \u2022 Equipment Rental\" \/>\n<meta property=\"article:modified_time\" content=\"2025-11-11T14:04:07+00:00\" \/>\n<meta name=\"twitter:card\" content=\"summary_large_image\" \/>\n<script type=\"application\/ld+json\" class=\"yoast-schema-graph\">{\"@context\":\"https:\/\/schema.org\",\"@graph\":[{\"@type\":\"WebPage\",\"@id\":\"https:\/\/www.socafly.com\/sl\/dostava\/\",\"url\":\"https:\/\/www.socafly.com\/sl\/dostava\/\",\"name\":\"Dostava - Fly Fishing Slovenia - Soca Fly | Shop \u2022 Guiding \u2022 Equipment Rental\",\"isPartOf\":{\"@id\":\"https:\/\/www.socafly.com\/sl\/#website\"},\"datePublished\":\"2025-10-08T07:21:10+00:00\",\"dateModified\":\"2025-11-11T14:04:07+00:00\",\"breadcrumb\":{\"@id\":\"https:\/\/www.socafly.com\/sl\/dostava\/#breadcrumb\"},\"inLanguage\":\"sl-SI\",\"potentialAction\":[{\"@type\":\"ReadAction\",\"target\":[\"https:\/\/www.socafly.com\/sl\/dostava\/\"]}]},{\"@type\":\"BreadcrumbList\",\"@id\":\"https:\/\/www.socafly.com\/sl\/dostava\/#breadcrumb\",\"itemListElement\":[{\"@type\":\"ListItem\",\"position\":1,\"name\":\"Home\",\"item\":\"https:\/\/www.socafly.com\/sl\/domov\/\"},{\"@type\":\"ListItem\",\"position\":2,\"name\":\"Dostava\"}]},{\"@type\":\"WebSite\",\"@id\":\"https:\/\/www.socafly.com\/sl\/#website\",\"url\":\"https:\/\/www.socafly.com\/sl\/\",\"name\":\"Fly Fishing Slovenia - Soca Fly | Shop \u2022 Guiding \u2022 Equipment Rental\",\"description\":\"Fly Fishing Slovenia - Shop and guide service based in So\u010da Valley, Tolmin. Providing gear rental and fishing permits for local fishing clubs\",\"potentialAction\":[{\"@type\":\"SearchAction\",\"target\":{\"@type\":\"EntryPoint\",\"urlTemplate\":\"https:\/\/www.socafly.com\/sl\/?s={search_term_string}\"},\"query-input\":{\"@type\":\"PropertyValueSpecification\",\"valueRequired\":true,\"valueName\":\"search_term_string\"}}],\"inLanguage\":\"sl-SI\"}]}<\/script>\n<!-- \/ Yoast SEO plugin. -->","yoast_head_json":{"title":"Dostava - Fly Fishing Slovenia - Soca Fly | Shop \u2022 Guiding \u2022 Equipment Rental","robots":{"index":"index","follow":"follow","max-snippet":"max-snippet:-1","max-image-preview":"max-image-preview:large","max-video-preview":"max-video-preview:-1"},"canonical":"https:\/\/www.socafly.com\/sl\/dostava\/","og_locale":"sl_SI","og_type":"article","og_title":"Dostava - Fly Fishing Slovenia - Soca Fly | Shop \u2022 Guiding \u2022 Equipment Rental","og_description":"Cena dostave je 6,90 EUR Minimalno naro\u010dilo v Soca Fly Shop je 15,00 EUR Naro\u010dila nad 90,00 EUR se po\u0161iljajo kot prednostni paketi. Za tak\u0161ne po\u0161iljke bo\u0161 dobil sledenje! Dostavo&hellip;","og_url":"https:\/\/www.socafly.com\/sl\/dostava\/","og_site_name":"Fly Fishing Slovenia - Soca Fly | Shop \u2022 Guiding \u2022 Equipment Rental","article_modified_time":"2025-11-11T14:04:07+00:00","twitter_card":"summary_large_image","schema":{"@context":"https:\/\/schema.org","@graph":[{"@type":"WebPage","@id":"https:\/\/www.socafly.com\/sl\/dostava\/","url":"https:\/\/www.socafly.com\/sl\/dostava\/","name":"Dostava - Fly Fishing Slovenia - Soca Fly | Shop \u2022 Guiding \u2022 Equipment Rental","isPartOf":{"@id":"https:\/\/www.socafly.com\/sl\/#website"},"datePublished":"2025-10-08T07:21:10+00:00","dateModified":"2025-11-11T14:04:07+00:00","breadcrumb":{"@id":"https:\/\/www.socafly.com\/sl\/dostava\/#breadcrumb"},"inLanguage":"sl-SI","potentialAction":[{"@type":"ReadAction","target":["https:\/\/www.socafly.com\/sl\/dostava\/"]}]},{"@type":"BreadcrumbList","@id":"https:\/\/www.socafly.com\/sl\/dostava\/#breadcrumb","itemListElement":[{"@type":"ListItem","position":1,"name":"Home","item":"https:\/\/www.socafly.com\/sl\/domov\/"},{"@type":"ListItem","position":2,"name":"Dostava"}]},{"@type":"WebSite","@id":"https:\/\/www.socafly.com\/sl\/#website","url":"https:\/\/www.socafly.com\/sl\/","name":"Fly Fishing Slovenia - Soca Fly | Shop \u2022 Guiding \u2022 Equipment Rental","description":"Fly Fishing Slovenia - Shop and guide service based in So\u010da Valley, Tolmin. Providing gear rental and fishing permits for local fishing clubs","potentialAction":[{"@type":"SearchAction","target":{"@type":"EntryPoint","urlTemplate":"https:\/\/www.socafly.com\/sl\/?s={search_term_string}"},"query-input":{"@type":"PropertyValueSpecification","valueRequired":true,"valueName":"search_term_string"}}],"inLanguage":"sl-SI"}]}},"_links":{"self":[{"href":"https:\/\/www.socafly.com\/sl\/wp-json\/wp\/v2\/pages\/7018","targetHints":{"allow":["GET"]}}],"collection":[{"href":"https:\/\/www.socafly.com\/sl\/wp-json\/wp\/v2\/pages"}],"about":[{"href":"https:\/\/www.socafly.com\/sl\/wp-json\/wp\/v2\/types\/page"}],"author":[{"embeddable":true,"href":"https:\/\/www.socafly.com\/sl\/wp-json\/wp\/v2\/users\/2"}],"replies":[{"embeddable":true,"href":"https:\/\/www.socafly.com\/sl\/wp-json\/wp\/v2\/comments?post=7018"}],"version-history":[{"count":1,"href":"https:\/\/www.socafly.com\/sl\/wp-json\/wp\/v2\/pages\/7018\/revisions"}],"predecessor-version":[{"id":7019,"href":"https:\/\/www.socafly.com\/sl\/wp-json\/wp\/v2\/pages\/7018\/revisions\/7019"}],"wp:attachment":[{"href":"https:\/\/www.socafly.com\/sl\/wp-json\/wp\/v2\/media?parent=7018"}],"curies":[{"name":"wp","href":"https:\/\/api.w.org\/{rel}","templated":true}]}}