{"id":7020,"date":"2025-10-09T14:24:39","date_gmt":"2025-10-09T12:24:39","guid":{"rendered":"https:\/\/www.socafly.com\/videoposnetki\/"},"modified":"2025-11-11T15:04:11","modified_gmt":"2025-11-11T14:04:11","slug":"videoposnetki","status":"publish","type":"page","link":"https:\/\/www.socafly.com\/sl\/videoposnetki\/","title":{"rendered":"Videoposnetki"},"content":{"rendered":"\t\t<div data-elementor-type=\"wp-page\" data-elementor-id=\"7020\" class=\"elementor elementor-7020 elementor-6633\">\n\t\t\t\t\t\t<section class=\"elementor-section elementor-top-section elementor-element elementor-element-3975c4d elementor-section-full_width elementor-section-height-min-height elementor-section-height-default elementor-section-items-middle sc_fly_static\" data-id=\"3975c4d\" data-element_type=\"section\" data-settings=\"{&quot;background_background&quot;:&quot;classic&quot;}\">\n\t\t\t\t\t\t<div class=\"elementor-container elementor-column-gap-extended\">\n\t\t\t\t\t<div class=\"elementor-column elementor-col-100 elementor-top-column elementor-element elementor-element-5c464f4 sc_content_align_inherit sc_layouts_column_icons_position_left sc_fly_static\" data-id=\"5c464f4\" data-element_type=\"column\">\n\t\t\t<div class=\"elementor-widget-wrap\">\n\t\t\t\t\t\t\t<\/div>\n\t\t<\/div>\n\t\t\t\t\t<\/div>\n\t\t<\/section>\n\t\t\t\t<section class=\"elementor-section elementor-top-section elementor-element elementor-element-df1f1aa elementor-section-boxed elementor-section-height-default elementor-section-height-default sc_fly_static\" data-id=\"df1f1aa\" data-element_type=\"section\">\n\t\t\t\t\t\t<div class=\"elementor-container elementor-column-gap-extended\">\n\t\t\t\t\t<div class=\"elementor-column elementor-col-100 elementor-top-column elementor-element elementor-element-61ace65 sc_content_align_inherit sc_layouts_column_icons_position_left sc_fly_static\" data-id=\"61ace65\" data-element_type=\"column\">\n\t\t\t<div class=\"elementor-widget-wrap elementor-element-populated\">\n\t\t\t\t\t\t<div class=\"elementor-element elementor-element-920b747 sc_fly_static elementor-widget elementor-widget-spacer\" data-id=\"920b747\" data-element_type=\"widget\" data-widget_type=\"spacer.default\">\n\t\t\t\t<div class=\"elementor-widget-container\">\n\t\t\t\t\t\t\t<div class=\"elementor-spacer\">\n\t\t\t<div class=\"elementor-spacer-inner\"><\/div>\n\t\t<\/div>\n\t\t\t\t\t\t<\/div>\n\t\t\t\t<\/div>\n\t\t\t\t\t<\/div>\n\t\t<\/div>\n\t\t\t\t\t<\/div>\n\t\t<\/section>\n\t\t\t\t<section class=\"elementor-section elementor-top-section elementor-element elementor-element-221c068 scheme_aqua_dark elementor-section-boxed elementor-section-height-default elementor-section-height-default sc_fly_static\" data-id=\"221c068\" data-element_type=\"section\" data-settings=\"{&quot;background_background&quot;:&quot;classic&quot;}\">\n\t\t\t\t\t\t<div class=\"elementor-container elementor-column-gap-extended\">\n\t\t\t\t\t<div class=\"elementor-column elementor-col-100 elementor-top-column elementor-element elementor-element-a3fda87 sc_content_align_inherit sc_layouts_column_icons_position_left sc_fly_static\" data-id=\"a3fda87\" data-element_type=\"column\">\n\t\t\t<div class=\"elementor-widget-wrap elementor-element-populated\">\n\t\t\t\t\t\t<div data-animation-type=\"block\" class=\"elementor-element elementor-element-fca2a85 animation_type_block sc_fly_static elementor-invisible elementor-widget elementor-widget-trx_sc_title\" data-id=\"fca2a85\" data-element_type=\"widget\" data-settings=\"{&quot;_animation&quot;:&quot;fadeInUp&quot;,&quot;_animation_delay&quot;:100}\" data-widget_type=\"trx_sc_title.default\">\n\t\t\t\t<div class=\"elementor-widget-container\">\n\t\t\t\t\t<div\t\tclass=\"sc_title sc_title_default\" ><h1 class=\"sc_item_title sc_title_title sc_align_center sc_item_title_style_default sc_item_title_tag trx_addons_inline_652797110\"\n\t\t\t><span class=\"sc_item_title_text\">Samo majhen okus...<\/span><\/h1><\/div>\t\t\t\t<\/div>\n\t\t\t\t<\/div>\n\t\t\t\t\t<\/div>\n\t\t<\/div>\n\t\t\t\t\t<\/div>\n\t\t<\/section>\n\t\t\t\t<section class=\"elementor-section elementor-top-section elementor-element elementor-element-509e7cc elementor-section-boxed elementor-section-height-default elementor-section-height-default sc_fly_static\" data-id=\"509e7cc\" data-element_type=\"section\">\n\t\t\t\t\t\t<div class=\"elementor-container elementor-column-gap-extended\">\n\t\t\t\t\t<div class=\"elementor-column elementor-col-100 elementor-top-column elementor-element elementor-element-a5521ca sc_content_align_inherit sc_layouts_column_icons_position_left sc_fly_static\" data-id=\"a5521ca\" data-element_type=\"column\">\n\t\t\t<div class=\"elementor-widget-wrap elementor-element-populated\">\n\t\t\t\t\t\t<div class=\"elementor-element elementor-element-31e2238 sc_fly_static elementor-widget elementor-widget-spacer\" data-id=\"31e2238\" data-element_type=\"widget\" data-widget_type=\"spacer.default\">\n\t\t\t\t<div class=\"elementor-widget-container\">\n\t\t\t\t\t\t\t<div class=\"elementor-spacer\">\n\t\t\t<div class=\"elementor-spacer-inner\"><\/div>\n\t\t<\/div>\n\t\t\t\t\t\t<\/div>\n\t\t\t\t<\/div>\n\t\t\t\t\t<\/div>\n\t\t<\/div>\n\t\t\t\t\t<\/div>\n\t\t<\/section>\n\t\t\t\t<section class=\"elementor-section elementor-top-section elementor-element elementor-element-8e052d0 elementor-section-boxed elementor-section-height-default elementor-section-height-default sc_fly_static\" data-id=\"8e052d0\" data-element_type=\"section\">\n\t\t\t\t\t\t<div class=\"elementor-container elementor-column-gap-extended\">\n\t\t\t\t\t<div class=\"elementor-column elementor-col-50 elementor-top-column elementor-element elementor-element-8750027 sc_content_align_inherit sc_layouts_column_icons_position_left sc_fly_static\" data-id=\"8750027\" data-element_type=\"column\">\n\t\t\t<div class=\"elementor-widget-wrap elementor-element-populated\">\n\t\t\t\t\t\t<div class=\"elementor-element elementor-element-377fd84 sc_fly_static elementor-widget elementor-widget-video\" data-id=\"377fd84\" data-element_type=\"widget\" data-settings=\"{&quot;youtube_url&quot;:&quot;https:\\\/\\\/www.youtube.com\\\/watch?v=umxdg9XPOHM&quot;,&quot;video_type&quot;:&quot;youtube&quot;,&quot;controls&quot;:&quot;yes&quot;}\" data-widget_type=\"video.default\">\n\t\t\t\t<div class=\"elementor-widget-container\">\n\t\t\t\t\t\t\t<div class=\"elementor-wrapper elementor-open-inline\">\n\t\t\t<div class=\"elementor-video\"><\/div>\t\t<\/div>\n\t\t\t\t\t\t<\/div>\n\t\t\t\t<\/div>\n\t\t\t\t\t<\/div>\n\t\t<\/div>\n\t\t\t\t<div class=\"elementor-column elementor-col-50 elementor-top-column elementor-element elementor-element-2af6be4 sc_content_align_inherit sc_layouts_column_icons_position_left sc_fly_static\" data-id=\"2af6be4\" data-element_type=\"column\">\n\t\t\t<div class=\"elementor-widget-wrap elementor-element-populated\">\n\t\t\t\t\t\t<div class=\"elementor-element elementor-element-9280ce9 sc_fly_static elementor-widget elementor-widget-video\" data-id=\"9280ce9\" data-element_type=\"widget\" data-settings=\"{&quot;youtube_url&quot;:&quot;https:\\\/\\\/youtu.be\\\/XU--c8xjcOQ?si=ffER9ddNAx2UEbW_&quot;,&quot;video_type&quot;:&quot;youtube&quot;,&quot;controls&quot;:&quot;yes&quot;}\" data-widget_type=\"video.default\">\n\t\t\t\t<div class=\"elementor-widget-container\">\n\t\t\t\t\t\t\t<div class=\"elementor-wrapper elementor-open-inline\">\n\t\t\t<div class=\"elementor-video\"><\/div>\t\t<\/div>\n\t\t\t\t\t\t<\/div>\n\t\t\t\t<\/div>\n\t\t\t\t\t<\/div>\n\t\t<\/div>\n\t\t\t\t\t<\/div>\n\t\t<\/section>\n\t\t\t\t<section class=\"elementor-section elementor-top-section elementor-element elementor-element-51ecf4e elementor-section-boxed elementor-section-height-default elementor-section-height-default sc_fly_static\" data-id=\"51ecf4e\" data-element_type=\"section\">\n\t\t\t\t\t\t<div class=\"elementor-container elementor-column-gap-extended\">\n\t\t\t\t\t<div class=\"elementor-column elementor-col-50 elementor-top-column elementor-element elementor-element-b6d7bc2 sc_content_align_inherit sc_layouts_column_icons_position_left sc_fly_static\" data-id=\"b6d7bc2\" data-element_type=\"column\">\n\t\t\t<div class=\"elementor-widget-wrap elementor-element-populated\">\n\t\t\t\t\t\t<div class=\"elementor-element elementor-element-728aa84 sc_fly_static elementor-widget elementor-widget-video\" data-id=\"728aa84\" data-element_type=\"widget\" data-settings=\"{&quot;youtube_url&quot;:&quot;https:\\\/\\\/www.youtube.com\\\/watch?v=-4eb--9k-WA&quot;,&quot;video_type&quot;:&quot;youtube&quot;,&quot;controls&quot;:&quot;yes&quot;}\" data-widget_type=\"video.default\">\n\t\t\t\t<div class=\"elementor-widget-container\">\n\t\t\t\t\t\t\t<div class=\"elementor-wrapper elementor-open-inline\">\n\t\t\t<div class=\"elementor-video\"><\/div>\t\t<\/div>\n\t\t\t\t\t\t<\/div>\n\t\t\t\t<\/div>\n\t\t\t\t\t<\/div>\n\t\t<\/div>\n\t\t\t\t<div class=\"elementor-column elementor-col-50 elementor-top-column elementor-element elementor-element-20c4451 sc_content_align_inherit sc_layouts_column_icons_position_left sc_fly_static\" data-id=\"20c4451\" data-element_type=\"column\">\n\t\t\t<div class=\"elementor-widget-wrap elementor-element-populated\">\n\t\t\t\t\t\t<div class=\"elementor-element elementor-element-5969634 sc_fly_static elementor-widget elementor-widget-video\" data-id=\"5969634\" data-element_type=\"widget\" data-settings=\"{&quot;youtube_url&quot;:&quot;https:\\\/\\\/www.youtube.com\\\/watch?v=zTVcyNHxVu0&quot;,&quot;video_type&quot;:&quot;youtube&quot;,&quot;controls&quot;:&quot;yes&quot;}\" data-widget_type=\"video.default\">\n\t\t\t\t<div class=\"elementor-widget-container\">\n\t\t\t\t\t\t\t<div class=\"elementor-wrapper elementor-open-inline\">\n\t\t\t<div class=\"elementor-video\"><\/div>\t\t<\/div>\n\t\t\t\t\t\t<\/div>\n\t\t\t\t<\/div>\n\t\t\t\t\t<\/div>\n\t\t<\/div>\n\t\t\t\t\t<\/div>\n\t\t<\/section>\n\t\t\t\t<section class=\"elementor-section elementor-top-section elementor-element elementor-element-379bac1 elementor-section-boxed elementor-section-height-default elementor-section-height-default sc_fly_static\" data-id=\"379bac1\" data-element_type=\"section\">\n\t\t\t\t\t\t<div class=\"elementor-container elementor-column-gap-extended\">\n\t\t\t\t\t<div class=\"elementor-column elementor-col-50 elementor-top-column elementor-element elementor-element-d1f811d sc_content_align_inherit sc_layouts_column_icons_position_left sc_fly_static\" data-id=\"d1f811d\" data-element_type=\"column\">\n\t\t\t<div class=\"elementor-widget-wrap elementor-element-populated\">\n\t\t\t\t\t\t<div class=\"elementor-element elementor-element-3cbaa0e sc_fly_static elementor-widget elementor-widget-video\" data-id=\"3cbaa0e\" data-element_type=\"widget\" data-settings=\"{&quot;youtube_url&quot;:&quot;https:\\\/\\\/www.youtube.com\\\/watch?v=JURZkWiFVhQ&quot;,&quot;video_type&quot;:&quot;youtube&quot;,&quot;controls&quot;:&quot;yes&quot;}\" data-widget_type=\"video.default\">\n\t\t\t\t<div class=\"elementor-widget-container\">\n\t\t\t\t\t\t\t<div class=\"elementor-wrapper elementor-open-inline\">\n\t\t\t<div class=\"elementor-video\"><\/div>\t\t<\/div>\n\t\t\t\t\t\t<\/div>\n\t\t\t\t<\/div>\n\t\t\t\t\t<\/div>\n\t\t<\/div>\n\t\t\t\t<div class=\"elementor-column elementor-col-50 elementor-top-column elementor-element elementor-element-0fb6d22 sc_content_align_inherit sc_layouts_column_icons_position_left sc_fly_static\" data-id=\"0fb6d22\" data-element_type=\"column\">\n\t\t\t<div class=\"elementor-widget-wrap elementor-element-populated\">\n\t\t\t\t\t\t<div class=\"elementor-element elementor-element-43a00b6 sc_fly_static elementor-widget elementor-widget-video\" data-id=\"43a00b6\" data-element_type=\"widget\" data-settings=\"{&quot;youtube_url&quot;:&quot;https:\\\/\\\/www.youtube.com\\\/watch?v=4TUuZeYfRXI&quot;,&quot;video_type&quot;:&quot;youtube&quot;,&quot;controls&quot;:&quot;yes&quot;}\" data-widget_type=\"video.default\">\n\t\t\t\t<div class=\"elementor-widget-container\">\n\t\t\t\t\t\t\t<div class=\"elementor-wrapper elementor-open-inline\">\n\t\t\t<div class=\"elementor-video\"><\/div>\t\t<\/div>\n\t\t\t\t\t\t<\/div>\n\t\t\t\t<\/div>\n\t\t\t\t\t<\/div>\n\t\t<\/div>\n\t\t\t\t\t<\/div>\n\t\t<\/section>\n\t\t\t\t<section class=\"elementor-section elementor-top-section elementor-element elementor-element-7864d0b elementor-section-boxed elementor-section-height-default elementor-section-height-default sc_fly_static\" data-id=\"7864d0b\" data-element_type=\"section\">\n\t\t\t\t\t\t<div class=\"elementor-container elementor-column-gap-extended\">\n\t\t\t\t\t<div class=\"elementor-column elementor-col-50 elementor-top-column elementor-element elementor-element-c874206 sc_content_align_inherit sc_layouts_column_icons_position_left sc_fly_static\" data-id=\"c874206\" data-element_type=\"column\">\n\t\t\t<div class=\"elementor-widget-wrap elementor-element-populated\">\n\t\t\t\t\t\t<div class=\"elementor-element elementor-element-748ab50 sc_fly_static elementor-widget elementor-widget-video\" data-id=\"748ab50\" data-element_type=\"widget\" data-settings=\"{&quot;youtube_url&quot;:&quot;https:\\\/\\\/www.youtube.com\\\/watch?v=crbVYCqJnGI&quot;,&quot;video_type&quot;:&quot;youtube&quot;,&quot;controls&quot;:&quot;yes&quot;}\" data-widget_type=\"video.default\">\n\t\t\t\t<div class=\"elementor-widget-container\">\n\t\t\t\t\t\t\t<div class=\"elementor-wrapper elementor-open-inline\">\n\t\t\t<div class=\"elementor-video\"><\/div>\t\t<\/div>\n\t\t\t\t\t\t<\/div>\n\t\t\t\t<\/div>\n\t\t\t\t\t<\/div>\n\t\t<\/div>\n\t\t\t\t<div class=\"elementor-column elementor-col-50 elementor-top-column elementor-element elementor-element-be27184 sc_content_align_inherit sc_layouts_column_icons_position_left sc_fly_static\" data-id=\"be27184\" data-element_type=\"column\">\n\t\t\t<div class=\"elementor-widget-wrap elementor-element-populated\">\n\t\t\t\t\t\t<div class=\"elementor-element elementor-element-bd779a5 sc_fly_static elementor-widget elementor-widget-video\" data-id=\"bd779a5\" data-element_type=\"widget\" data-settings=\"{&quot;youtube_url&quot;:&quot;https:\\\/\\\/www.youtube.com\\\/watch?v=Mljs8Ks2eZA&quot;,&quot;video_type&quot;:&quot;youtube&quot;,&quot;controls&quot;:&quot;yes&quot;}\" data-widget_type=\"video.default\">\n\t\t\t\t<div class=\"elementor-widget-container\">\n\t\t\t\t\t\t\t<div class=\"elementor-wrapper elementor-open-inline\">\n\t\t\t<div class=\"elementor-video\"><\/div>\t\t<\/div>\n\t\t\t\t\t\t<\/div>\n\t\t\t\t<\/div>\n\t\t\t\t\t<\/div>\n\t\t<\/div>\n\t\t\t\t\t<\/div>\n\t\t<\/section>\n\t\t\t\t<section class=\"elementor-section elementor-top-section elementor-element elementor-element-0181e1e elementor-section-boxed elementor-section-height-default elementor-section-height-default sc_fly_static\" data-id=\"0181e1e\" data-element_type=\"section\">\n\t\t\t\t\t\t<div class=\"elementor-container elementor-column-gap-extended\">\n\t\t\t\t\t<div class=\"elementor-column elementor-col-100 elementor-top-column elementor-element elementor-element-00253b0 sc_content_align_inherit sc_layouts_column_icons_position_left sc_fly_static\" data-id=\"00253b0\" data-element_type=\"column\">\n\t\t\t<div class=\"elementor-widget-wrap elementor-element-populated\">\n\t\t\t\t\t\t<div class=\"elementor-element elementor-element-887aff0 sc_height_huge sc_fly_static elementor-widget elementor-widget-spacer\" data-id=\"887aff0\" data-element_type=\"widget\" data-widget_type=\"spacer.default\">\n\t\t\t\t<div class=\"elementor-widget-container\">\n\t\t\t\t\t\t\t<div class=\"elementor-spacer\">\n\t\t\t<div class=\"elementor-spacer-inner\"><\/div>\n\t\t<\/div>\n\t\t\t\t\t\t<\/div>\n\t\t\t\t<\/div>\n\t\t\t\t\t<\/div>\n\t\t<\/div>\n\t\t\t\t\t<\/div>\n\t\t<\/section>\n\t\t\t\t<section class=\"elementor-section elementor-top-section elementor-element elementor-element-3474ea8 elementor-section-content-middle elementor-section-boxed elementor-section-height-default elementor-section-height-default sc_fly_static\" data-id=\"3474ea8\" data-element_type=\"section\" data-settings=\"{&quot;background_background&quot;:&quot;classic&quot;}\">\n\t\t\t\t\t\t<div class=\"elementor-container elementor-column-gap-extended\">\n\t\t\t\t\t<div class=\"elementor-column elementor-col-66 elementor-top-column elementor-element elementor-element-9a8e3ce sc_content_align_inherit sc_layouts_column_icons_position_left sc_fly_static\" data-id=\"9a8e3ce\" data-element_type=\"column\">\n\t\t\t<div class=\"elementor-widget-wrap elementor-element-populated\">\n\t\t\t\t\t\t<div data-animation-type=\"block\" class=\"elementor-element elementor-element-cf447cc animation_type_block sc_fly_static elementor-invisible elementor-widget elementor-widget-trx_sc_title\" data-id=\"cf447cc\" data-element_type=\"widget\" data-settings=\"{&quot;_animation&quot;:&quot;honor-fadein&quot;,&quot;_animation_delay&quot;:100}\" data-widget_type=\"trx_sc_title.default\">\n\t\t\t\t<div class=\"elementor-widget-container\">\n\t\t\t\t\t<div\t\tclass=\"sc_title sc_title_default\" ><h2 class=\"sc_item_title sc_title_title sc_item_title_style_default sc_item_title_tag trx_addons_inline_476584709\"\n\t\t\t><span class=\"sc_item_title_text\">I\u0161\u010de\u0161 ribi\u0161kega vodnika?<\/span><\/h2><\/div>\t\t\t\t<\/div>\n\t\t\t\t<\/div>\n\t\t\t\t<div class=\"elementor-element elementor-element-58b20c1 sc_fly_static elementor-widget elementor-widget-spacer\" data-id=\"58b20c1\" data-element_type=\"widget\" data-widget_type=\"spacer.default\">\n\t\t\t\t<div class=\"elementor-widget-container\">\n\t\t\t\t\t\t\t<div class=\"elementor-spacer\">\n\t\t\t<div class=\"elementor-spacer-inner\"><\/div>\n\t\t<\/div>\n\t\t\t\t\t\t<\/div>\n\t\t\t\t<\/div>\n\t\t\t\t<div data-animation-type=\"block\" class=\"elementor-element elementor-element-d218ac8 animation_type_block sc_fly_static elementor-invisible elementor-widget elementor-widget-text-editor\" data-id=\"d218ac8\" data-element_type=\"widget\" data-settings=\"{&quot;_animation&quot;:&quot;honor-fadein&quot;,&quot;_animation_delay&quot;:200}\" data-widget_type=\"text-editor.default\">\n\t\t\t\t<div class=\"elementor-widget-container\">\n\t\t\t\t\t\t\t\t\t<p>Na\u0161i vodniki so doma\u010dini iz doline So\u010de.<\/p>\t\t\t\t\t\t\t\t<\/div>\n\t\t\t\t<\/div>\n\t\t\t\t\t<\/div>\n\t\t<\/div>\n\t\t\t\t<div class=\"elementor-column elementor-col-33 elementor-top-column elementor-element elementor-element-0a6ebd0 sc_layouts_column_align_right sc_layouts_column sc-mobile_layouts_column_align_left sc_layouts_column sc_content_align_inherit sc_layouts_column_icons_position_left sc_fly_static\" data-id=\"0a6ebd0\" data-element_type=\"column\">\n\t\t\t<div class=\"elementor-widget-wrap elementor-element-populated\">\n\t\t\t\t\t\t<div data-animation-type=\"block\" class=\"elementor-element elementor-element-0893c9a animation_type_block sc_fly_static elementor-invisible elementor-widget elementor-widget-trx_sc_button\" data-id=\"0893c9a\" data-element_type=\"widget\" data-settings=\"{&quot;_animation&quot;:&quot;honor-fadein&quot;,&quot;_animation_delay&quot;:200}\" data-widget_type=\"trx_sc_button.default\">\n\t\t\t\t<div class=\"elementor-widget-container\">\n\t\t\t\t\t<div\tclass=\"sc_item_button sc_button_wrap\" ><a href=\"https:\/\/www.socafly.com\/sl\/guided-trips\/\" class=\"sc_button sc_button_default sc_button_size_normal sc_button_icon_left color_style_dark\" ><span class=\"sc_button_text\"><span class=\"sc_button_title\">Poglej vodnika<\/span><\/span><\/a><\/div>\t\t\t\t<\/div>\n\t\t\t\t<\/div>\n\t\t\t\t\t<\/div>\n\t\t<\/div>\n\t\t\t\t\t<\/div>\n\t\t<\/section>\n\t\t\t\t<\/div>\n\t\t","protected":false},"excerpt":{"rendered":"<p>Samo majhen okus&#8230; https:\/\/www.youtube.com\/watch?v=umxdg9XPOHMhttps:\/\/youtu.be\/XU&#8211;c8xjcOQ?si=ffER9ddNAx2UEbW_https:\/\/www.youtube.com\/watch?v=-4eb&#8211;9k-WAhttps:\/\/www.youtube.com\/watch?v=zTVcyNHxVu0https:\/\/www.youtube.com\/watch?v=JURZkWiFVhQhttps:\/\/www.youtube.com\/watch?v=4TUuZeYfRXIhttps:\/\/www.youtube.com\/watch?v=crbVYCqJnGIhttps:\/\/www.youtube.com\/watch?v=Mljs8Ks2eZA I\u0161\u010de\u0161 ribi\u0161kega vodnika? Na\u0161i vodniki so doma\u010dini iz doline So\u010de. Poglej vodnika<\/p>\n","protected":false},"author":2,"featured_media":0,"parent":0,"menu_order":0,"comment_status":"closed","ping_status":"closed","template":"","meta":{"inline_featured_image":false,"_joinchat":[],"footnotes":""},"class_list":["post-7020","page","type-page","status-publish","hentry"],"yoast_head":"<!-- This site is optimized with the Yoast SEO plugin v26.4 - https:\/\/yoast.com\/wordpress\/plugins\/seo\/ -->\n<title>Video Muharjenje v Sloveniji | Trgovina z opremo in vodeni izleti<\/title>\n<meta name=\"description\" content=\"Oglej si neverjetne videoposnetke muharjenja v Sloveniji! Kupi vrhunsko opremo za so\u0161ko postrv in lipana. Rezerviraj strokovno vodene izlete na So\u010di, Savi in drugod.\" \/>\n<meta name=\"robots\" content=\"index, follow, max-snippet:-1, max-image-preview:large, max-video-preview:-1\" \/>\n<link rel=\"canonical\" href=\"https:\/\/www.socafly.com\/sl\/videoposnetki\/\" \/>\n<meta property=\"og:locale\" content=\"sl_SI\" \/>\n<meta property=\"og:type\" content=\"article\" \/>\n<meta property=\"og:title\" content=\"Video Muharjenje v Sloveniji | Trgovina z opremo in vodeni izleti\" \/>\n<meta property=\"og:description\" content=\"Oglej si neverjetne videoposnetke muharjenja v Sloveniji! Kupi vrhunsko opremo za so\u0161ko postrv in lipana. Rezerviraj strokovno vodene izlete na So\u010di, Savi in drugod.\" \/>\n<meta property=\"og:url\" content=\"https:\/\/www.socafly.com\/sl\/videoposnetki\/\" \/>\n<meta property=\"og:site_name\" content=\"Fly Fishing Slovenia - Soca Fly | Shop \u2022 Guiding \u2022 Equipment Rental\" \/>\n<meta property=\"article:modified_time\" content=\"2025-11-11T14:04:11+00:00\" \/>\n<meta name=\"twitter:card\" content=\"summary_large_image\" \/>\n<script type=\"application\/ld+json\" class=\"yoast-schema-graph\">{\"@context\":\"https:\/\/schema.org\",\"@graph\":[{\"@type\":\"WebPage\",\"@id\":\"https:\/\/www.socafly.com\/sl\/videoposnetki\/\",\"url\":\"https:\/\/www.socafly.com\/sl\/videoposnetki\/\",\"name\":\"Video Muharjenje v Sloveniji | Trgovina z opremo in vodeni izleti\",\"isPartOf\":{\"@id\":\"https:\/\/www.socafly.com\/sl\/#website\"},\"datePublished\":\"2025-10-09T12:24:39+00:00\",\"dateModified\":\"2025-11-11T14:04:11+00:00\",\"description\":\"Oglej si neverjetne videoposnetke muharjenja v Sloveniji! Kupi vrhunsko opremo za so\u0161ko postrv in lipana. Rezerviraj strokovno vodene izlete na So\u010di, Savi in drugod.\",\"breadcrumb\":{\"@id\":\"https:\/\/www.socafly.com\/sl\/videoposnetki\/#breadcrumb\"},\"inLanguage\":\"sl-SI\",\"potentialAction\":[{\"@type\":\"ReadAction\",\"target\":[\"https:\/\/www.socafly.com\/sl\/videoposnetki\/\"]}]},{\"@type\":\"BreadcrumbList\",\"@id\":\"https:\/\/www.socafly.com\/sl\/videoposnetki\/#breadcrumb\",\"itemListElement\":[{\"@type\":\"ListItem\",\"position\":1,\"name\":\"Home\",\"item\":\"https:\/\/www.socafly.com\/sl\/domov\/\"},{\"@type\":\"ListItem\",\"position\":2,\"name\":\"Videoposnetki\"}]},{\"@type\":\"WebSite\",\"@id\":\"https:\/\/www.socafly.com\/sl\/#website\",\"url\":\"https:\/\/www.socafly.com\/sl\/\",\"name\":\"Fly Fishing Slovenia - Soca Fly | Shop \u2022 Guiding \u2022 Equipment Rental\",\"description\":\"Fly Fishing Slovenia - Shop and guide service based in So\u010da Valley, Tolmin. Providing gear rental and fishing permits for local fishing clubs\",\"potentialAction\":[{\"@type\":\"SearchAction\",\"target\":{\"@type\":\"EntryPoint\",\"urlTemplate\":\"https:\/\/www.socafly.com\/sl\/?s={search_term_string}\"},\"query-input\":{\"@type\":\"PropertyValueSpecification\",\"valueRequired\":true,\"valueName\":\"search_term_string\"}}],\"inLanguage\":\"sl-SI\"}]}<\/script>\n<!-- \/ Yoast SEO plugin. -->","yoast_head_json":{"title":"Video Muharjenje v Sloveniji | Trgovina z opremo in vodeni izleti","description":"Oglej si neverjetne videoposnetke muharjenja v Sloveniji! Kupi vrhunsko opremo za so\u0161ko postrv in lipana. Rezerviraj strokovno vodene izlete na So\u010di, Savi in drugod.","robots":{"index":"index","follow":"follow","max-snippet":"max-snippet:-1","max-image-preview":"max-image-preview:large","max-video-preview":"max-video-preview:-1"},"canonical":"https:\/\/www.socafly.com\/sl\/videoposnetki\/","og_locale":"sl_SI","og_type":"article","og_title":"Video Muharjenje v Sloveniji | Trgovina z opremo in vodeni izleti","og_description":"Oglej si neverjetne videoposnetke muharjenja v Sloveniji! Kupi vrhunsko opremo za so\u0161ko postrv in lipana. Rezerviraj strokovno vodene izlete na So\u010di, Savi in drugod.","og_url":"https:\/\/www.socafly.com\/sl\/videoposnetki\/","og_site_name":"Fly Fishing Slovenia - Soca Fly | Shop \u2022 Guiding \u2022 Equipment Rental","article_modified_time":"2025-11-11T14:04:11+00:00","twitter_card":"summary_large_image","schema":{"@context":"https:\/\/schema.org","@graph":[{"@type":"WebPage","@id":"https:\/\/www.socafly.com\/sl\/videoposnetki\/","url":"https:\/\/www.socafly.com\/sl\/videoposnetki\/","name":"Video Muharjenje v Sloveniji | Trgovina z opremo in vodeni izleti","isPartOf":{"@id":"https:\/\/www.socafly.com\/sl\/#website"},"datePublished":"2025-10-09T12:24:39+00:00","dateModified":"2025-11-11T14:04:11+00:00","description":"Oglej si neverjetne videoposnetke muharjenja v Sloveniji! Kupi vrhunsko opremo za so\u0161ko postrv in lipana. Rezerviraj strokovno vodene izlete na So\u010di, Savi in drugod.","breadcrumb":{"@id":"https:\/\/www.socafly.com\/sl\/videoposnetki\/#breadcrumb"},"inLanguage":"sl-SI","potentialAction":[{"@type":"ReadAction","target":["https:\/\/www.socafly.com\/sl\/videoposnetki\/"]}]},{"@type":"BreadcrumbList","@id":"https:\/\/www.socafly.com\/sl\/videoposnetki\/#breadcrumb","itemListElement":[{"@type":"ListItem","position":1,"name":"Home","item":"https:\/\/www.socafly.com\/sl\/domov\/"},{"@type":"ListItem","position":2,"name":"Videoposnetki"}]},{"@type":"WebSite","@id":"https:\/\/www.socafly.com\/sl\/#website","url":"https:\/\/www.socafly.com\/sl\/","name":"Fly Fishing Slovenia - Soca Fly | Shop \u2022 Guiding \u2022 Equipment Rental","description":"Fly Fishing Slovenia - Shop and guide service based in So\u010da Valley, Tolmin. Providing gear rental and fishing permits for local fishing clubs","potentialAction":[{"@type":"SearchAction","target":{"@type":"EntryPoint","urlTemplate":"https:\/\/www.socafly.com\/sl\/?s={search_term_string}"},"query-input":{"@type":"PropertyValueSpecification","valueRequired":true,"valueName":"search_term_string"}}],"inLanguage":"sl-SI"}]}},"_links":{"self":[{"href":"https:\/\/www.socafly.com\/sl\/wp-json\/wp\/v2\/pages\/7020","targetHints":{"allow":["GET"]}}],"collection":[{"href":"https:\/\/www.socafly.com\/sl\/wp-json\/wp\/v2\/pages"}],"about":[{"href":"https:\/\/www.socafly.com\/sl\/wp-json\/wp\/v2\/types\/page"}],"author":[{"embeddable":true,"href":"https:\/\/www.socafly.com\/sl\/wp-json\/wp\/v2\/users\/2"}],"replies":[{"embeddable":true,"href":"https:\/\/www.socafly.com\/sl\/wp-json\/wp\/v2\/comments?post=7020"}],"version-history":[{"count":1,"href":"https:\/\/www.socafly.com\/sl\/wp-json\/wp\/v2\/pages\/7020\/revisions"}],"predecessor-version":[{"id":7024,"href":"https:\/\/www.socafly.com\/sl\/wp-json\/wp\/v2\/pages\/7020\/revisions\/7024"}],"wp:attachment":[{"href":"https:\/\/www.socafly.com\/sl\/wp-json\/wp\/v2\/media?parent=7020"}],"curies":[{"name":"wp","href":"https:\/\/api.w.org\/{rel}","templated":true}]}}