{"id":7048,"date":"2015-08-27T10:35:07","date_gmt":"2015-08-27T08:35:07","guid":{"rendered":"https:\/\/www.socafly.com\/product\/tributary-z-nogavicami\/"},"modified":"2025-11-11T15:05:17","modified_gmt":"2025-11-11T14:05:17","slug":"tributary-z-nogavicami","status":"publish","type":"product","link":"https:\/\/www.socafly.com\/sl\/izdelek\/tributary-z-nogavicami\/","title":{"rendered":"Tributary z nogavicami"},"content":{"rendered":"<div id=\"selected_article_description_12599_276_2007\">\n<p>Brodarice s klju\u010dnimi zna\u010dilnostmi za ribi\u010de, ki i\u0161\u010dejo preverjeno vzdr\u017eljivost Simms<br \/>\npo odli\u010dni ceni.<\/p>\n<p>Vaja dela mojstra \u2013 in brodarice Tributary z nogavicami so tvoj zanesljiv zaveznik, ko pridobiva\u0161 samozavest in obvlada\u0161 svoje ribi\u0161ke ve\u0161\u010dine. Te suhe, zra\u010dne mo\u0161ke brodarice, izdelane s preverjeno vzdr\u017eljivostjo Simms, spodbujajo naravno gibljivost, medtem ko premaguje\u0161 strme poti in globoke reke. Klju\u010dne zna\u010dilnosti vklju\u010dujejo velik, flisom podlo\u017een \u017eep za gretje rok z dostopom skozi, za ribolov v hladnej\u0161ih dneh, ter varen prsni \u017eep za shranjevanje orodja in \u0161katel za muhe na dosegu roke.  <\/p>\n<\/div>\n","protected":false},"excerpt":{"rendered":"<ul>\n<li>3-slojni vodoodporen zra\u010den poliester v zgornjem delu, 4-slojni vodoodporen zra\u010den poliester v spodnjem delu<\/li>\n<li>Flisom podlo\u017een \u017eep za gretje rok z dostopom skozi, z zgornjim \u017eepom na zadrgo<\/li>\n<li>\u0160\u010ditnik proti pesku iz istega materiala z nabranim elasti\u010dnim spodnjim robom<\/li>\n<li>Anatomsko oblikovane neoprenske nogavice z antimikrobno obdelavo<\/li>\n<li>Dve zanki za pas s 38 mm najlonskim pasom<\/li>\n<li>Strojno pranje, su\u0161enje na zraku. Za podrobnosti glej etiketo za nego. <\/li>\n<li>Uvo\u017eeno<\/li>\n<\/ul>\n","protected":false},"featured_media":5734,"comment_status":"open","ping_status":"closed","template":"","meta":{"inline_featured_image":false,"_joinchat":[]},"product_brand":[],"product_cat":[149],"product_tag":[],"class_list":{"0":"post-7048","1":"product","2":"type-product","3":"status-publish","4":"has-post-thumbnail","6":"product_cat-nogavica","8":"first","9":"instock","10":"shipping-taxable","11":"purchasable","12":"product-type-variable"},"yoast_head":"<!-- This site is optimized with the Yoast SEO plugin v26.4 - https:\/\/yoast.com\/wordpress\/plugins\/seo\/ -->\n<title>Tributary z nogavicami - Fly Fishing Slovenia - Soca Fly | Shop \u2022 Guiding \u2022 Equipment Rental<\/title>\n<meta name=\"robots\" content=\"index, follow, max-snippet:-1, max-image-preview:large, max-video-preview:-1\" \/>\n<link rel=\"canonical\" href=\"https:\/\/www.socafly.com\/sl\/izdelek\/tributary-z-nogavicami\/\" \/>\n<meta property=\"og:locale\" content=\"sl_SI\" \/>\n<meta property=\"og:type\" content=\"article\" \/>\n<meta property=\"og:title\" content=\"Tributary z nogavicami - Fly Fishing Slovenia - Soca Fly | Shop \u2022 Guiding \u2022 Equipment Rental\" \/>\n<meta property=\"og:description\" content=\"3-slojni vodoodporen zra\u010den poliester v zgornjem delu, 4-slojni vodoodporen zra\u010den poliester v spodnjem delu  Flisom podlo\u017een \u017eep za gretje rok z dostopom skozi, z zgornjim \u017eepom na zadrgo  \u0160\u010ditnik proti pesku iz istega materiala z nabranim elasti\u010dnim spodnjim robom  Anatomsko oblikovane neoprenske nogavice z antimikrobno obdelavo  Dve zanki za pas s 38 mm najlonskim pasom  Strojno pranje, su\u0161enje na zraku. Za podrobnosti glej etiketo za nego.  Uvo\u017eeno\" \/>\n<meta property=\"og:url\" content=\"https:\/\/www.socafly.com\/sl\/izdelek\/tributary-z-nogavicami\/\" \/>\n<meta property=\"og:site_name\" content=\"Fly Fishing Slovenia - Soca Fly | Shop \u2022 Guiding \u2022 Equipment Rental\" \/>\n<meta property=\"article:modified_time\" content=\"2025-11-11T14:05:17+00:00\" \/>\n<meta name=\"twitter:card\" content=\"summary_large_image\" \/>\n<meta name=\"twitter:label1\" content=\"Est. reading time\" \/>\n\t<meta name=\"twitter:data1\" content=\"1 minuta\" \/>\n<script type=\"application\/ld+json\" class=\"yoast-schema-graph\">{\"@context\":\"https:\/\/schema.org\",\"@graph\":[{\"@type\":\"WebPage\",\"@id\":\"https:\/\/www.socafly.com\/sl\/izdelek\/tributary-z-nogavicami\/\",\"url\":\"https:\/\/www.socafly.com\/sl\/izdelek\/tributary-z-nogavicami\/\",\"name\":\"Tributary z nogavicami - Fly Fishing Slovenia - Soca Fly | Shop \u2022 Guiding \u2022 Equipment Rental\",\"isPartOf\":{\"@id\":\"https:\/\/www.socafly.com\/sl\/#website\"},\"primaryImageOfPage\":{\"@id\":\"https:\/\/www.socafly.com\/sl\/izdelek\/tributary-z-nogavicami\/#primaryimage\"},\"image\":{\"@id\":\"https:\/\/www.socafly.com\/sl\/izdelek\/tributary-z-nogavicami\/#primaryimage\"},\"thumbnailUrl\":\"https:\/\/www.socafly.com\/wp-content\/uploads\/2021\/06\/product_1_31068-1.jpg\",\"datePublished\":\"2015-08-27T08:35:07+00:00\",\"dateModified\":\"2025-11-11T14:05:17+00:00\",\"breadcrumb\":{\"@id\":\"https:\/\/www.socafly.com\/sl\/izdelek\/tributary-z-nogavicami\/#breadcrumb\"},\"inLanguage\":\"sl-SI\",\"potentialAction\":[{\"@type\":\"ReadAction\",\"target\":[\"https:\/\/www.socafly.com\/sl\/izdelek\/tributary-z-nogavicami\/\"]}]},{\"@type\":\"ImageObject\",\"inLanguage\":\"sl-SI\",\"@id\":\"https:\/\/www.socafly.com\/sl\/izdelek\/tributary-z-nogavicami\/#primaryimage\",\"url\":\"https:\/\/www.socafly.com\/wp-content\/uploads\/2021\/06\/product_1_31068-1.jpg\",\"contentUrl\":\"https:\/\/www.socafly.com\/wp-content\/uploads\/2021\/06\/product_1_31068-1.jpg\",\"width\":400,\"height\":321},{\"@type\":\"BreadcrumbList\",\"@id\":\"https:\/\/www.socafly.com\/sl\/izdelek\/tributary-z-nogavicami\/#breadcrumb\",\"itemListElement\":[{\"@type\":\"ListItem\",\"position\":1,\"name\":\"Home\",\"item\":\"https:\/\/www.socafly.com\/sl\/domov\/\"},{\"@type\":\"ListItem\",\"position\":2,\"name\":\"Trgovina\",\"item\":\"https:\/\/www.socafly.com\/sl\/trgovina\/\"},{\"@type\":\"ListItem\",\"position\":3,\"name\":\"Tributary z nogavicami\"}]},{\"@type\":\"WebSite\",\"@id\":\"https:\/\/www.socafly.com\/sl\/#website\",\"url\":\"https:\/\/www.socafly.com\/sl\/\",\"name\":\"Fly Fishing Slovenia - Soca Fly | Shop \u2022 Guiding \u2022 Equipment Rental\",\"description\":\"Fly Fishing Slovenia - Shop and guide service based in So\u010da Valley, Tolmin. Providing gear rental and fishing permits for local fishing clubs\",\"potentialAction\":[{\"@type\":\"SearchAction\",\"target\":{\"@type\":\"EntryPoint\",\"urlTemplate\":\"https:\/\/www.socafly.com\/sl\/?s={search_term_string}\"},\"query-input\":{\"@type\":\"PropertyValueSpecification\",\"valueRequired\":true,\"valueName\":\"search_term_string\"}}],\"inLanguage\":\"sl-SI\"}]}<\/script>\n<!-- \/ Yoast SEO plugin. -->","yoast_head_json":{"title":"Tributary z nogavicami - Fly Fishing Slovenia - Soca Fly | Shop \u2022 Guiding \u2022 Equipment Rental","robots":{"index":"index","follow":"follow","max-snippet":"max-snippet:-1","max-image-preview":"max-image-preview:large","max-video-preview":"max-video-preview:-1"},"canonical":"https:\/\/www.socafly.com\/sl\/izdelek\/tributary-z-nogavicami\/","og_locale":"sl_SI","og_type":"article","og_title":"Tributary z nogavicami - Fly Fishing Slovenia - Soca Fly | Shop \u2022 Guiding \u2022 Equipment Rental","og_description":"3-slojni vodoodporen zra\u010den poliester v zgornjem delu, 4-slojni vodoodporen zra\u010den poliester v spodnjem delu  Flisom podlo\u017een \u017eep za gretje rok z dostopom skozi, z zgornjim \u017eepom na zadrgo  \u0160\u010ditnik proti pesku iz istega materiala z nabranim elasti\u010dnim spodnjim robom  Anatomsko oblikovane neoprenske nogavice z antimikrobno obdelavo  Dve zanki za pas s 38 mm najlonskim pasom  Strojno pranje, su\u0161enje na zraku. Za podrobnosti glej etiketo za nego.  Uvo\u017eeno","og_url":"https:\/\/www.socafly.com\/sl\/izdelek\/tributary-z-nogavicami\/","og_site_name":"Fly Fishing Slovenia - Soca Fly | Shop \u2022 Guiding \u2022 Equipment Rental","article_modified_time":"2025-11-11T14:05:17+00:00","twitter_card":"summary_large_image","twitter_misc":{"Est. reading time":"1 minuta"},"schema":{"@context":"https:\/\/schema.org","@graph":[{"@type":"WebPage","@id":"https:\/\/www.socafly.com\/sl\/izdelek\/tributary-z-nogavicami\/","url":"https:\/\/www.socafly.com\/sl\/izdelek\/tributary-z-nogavicami\/","name":"Tributary z nogavicami - Fly Fishing Slovenia - Soca Fly | Shop \u2022 Guiding \u2022 Equipment Rental","isPartOf":{"@id":"https:\/\/www.socafly.com\/sl\/#website"},"primaryImageOfPage":{"@id":"https:\/\/www.socafly.com\/sl\/izdelek\/tributary-z-nogavicami\/#primaryimage"},"image":{"@id":"https:\/\/www.socafly.com\/sl\/izdelek\/tributary-z-nogavicami\/#primaryimage"},"thumbnailUrl":"https:\/\/www.socafly.com\/wp-content\/uploads\/2021\/06\/product_1_31068-1.jpg","datePublished":"2015-08-27T08:35:07+00:00","dateModified":"2025-11-11T14:05:17+00:00","breadcrumb":{"@id":"https:\/\/www.socafly.com\/sl\/izdelek\/tributary-z-nogavicami\/#breadcrumb"},"inLanguage":"sl-SI","potentialAction":[{"@type":"ReadAction","target":["https:\/\/www.socafly.com\/sl\/izdelek\/tributary-z-nogavicami\/"]}]},{"@type":"ImageObject","inLanguage":"sl-SI","@id":"https:\/\/www.socafly.com\/sl\/izdelek\/tributary-z-nogavicami\/#primaryimage","url":"https:\/\/www.socafly.com\/wp-content\/uploads\/2021\/06\/product_1_31068-1.jpg","contentUrl":"https:\/\/www.socafly.com\/wp-content\/uploads\/2021\/06\/product_1_31068-1.jpg","width":400,"height":321},{"@type":"BreadcrumbList","@id":"https:\/\/www.socafly.com\/sl\/izdelek\/tributary-z-nogavicami\/#breadcrumb","itemListElement":[{"@type":"ListItem","position":1,"name":"Home","item":"https:\/\/www.socafly.com\/sl\/domov\/"},{"@type":"ListItem","position":2,"name":"Trgovina","item":"https:\/\/www.socafly.com\/sl\/trgovina\/"},{"@type":"ListItem","position":3,"name":"Tributary z nogavicami"}]},{"@type":"WebSite","@id":"https:\/\/www.socafly.com\/sl\/#website","url":"https:\/\/www.socafly.com\/sl\/","name":"Fly Fishing Slovenia - Soca Fly | Shop \u2022 Guiding \u2022 Equipment Rental","description":"Fly Fishing Slovenia - Shop and guide service based in So\u010da Valley, Tolmin. Providing gear rental and fishing permits for local fishing clubs","potentialAction":[{"@type":"SearchAction","target":{"@type":"EntryPoint","urlTemplate":"https:\/\/www.socafly.com\/sl\/?s={search_term_string}"},"query-input":{"@type":"PropertyValueSpecification","valueRequired":true,"valueName":"search_term_string"}}],"inLanguage":"sl-SI"}]}},"_links":{"self":[{"href":"https:\/\/www.socafly.com\/sl\/wp-json\/wp\/v2\/product\/7048","targetHints":{"allow":["GET"]}}],"collection":[{"href":"https:\/\/www.socafly.com\/sl\/wp-json\/wp\/v2\/product"}],"about":[{"href":"https:\/\/www.socafly.com\/sl\/wp-json\/wp\/v2\/types\/product"}],"replies":[{"embeddable":true,"href":"https:\/\/www.socafly.com\/sl\/wp-json\/wp\/v2\/comments?post=7048"}],"wp:featuredmedia":[{"embeddable":true,"href":"https:\/\/www.socafly.com\/sl\/wp-json\/wp\/v2\/media\/5734"}],"wp:attachment":[{"href":"https:\/\/www.socafly.com\/sl\/wp-json\/wp\/v2\/media?parent=7048"}],"wp:term":[{"taxonomy":"product_brand","embeddable":true,"href":"https:\/\/www.socafly.com\/sl\/wp-json\/wp\/v2\/product_brand?post=7048"},{"taxonomy":"product_cat","embeddable":true,"href":"https:\/\/www.socafly.com\/sl\/wp-json\/wp\/v2\/product_cat?post=7048"},{"taxonomy":"product_tag","embeddable":true,"href":"https:\/\/www.socafly.com\/sl\/wp-json\/wp\/v2\/product_tag?post=7048"}],"curies":[{"name":"wp","href":"https:\/\/api.w.org\/{rel}","templated":true}]}}